{"id":151,"date":"2025-11-10T21:01:02","date_gmt":"2025-11-10T20:01:02","guid":{"rendered":"https:\/\/fannykloevekorn.spotondesignstudio.com\/?page_id=151"},"modified":"2026-01-17T19:57:07","modified_gmt":"2026-01-17T18:57:07","slug":"vita","status":"publish","type":"page","link":"https:\/\/fannykloevekorn.spotondesignstudio.com\/en\/vita\/","title":{"rendered":"Vita"},"content":{"rendered":"<div class=\"et_pb_section_0 et_pb_section et_section_regular et_block_section section_has_divider et_pb_bottom_divider preset--module--divi-section--default\">\n<div class=\"et_pb_row_0 et_pb_row et_flex_row preset--module--divi-row--default\">\n<div class=\"et_pb_column_0 et_pb_column et-last-child et_flex_column et_pb_css_mix_blend_mode_passthrough et_flex_column_24_24 preset--module--divi-column--default\">\n<div class=\"et_pb_group_0 et_pb_group et-last-child et_pb_module et_flex_group et_pb_css_mix_blend_mode_passthrough\">\n<div class=\"et_pb_text_0 et_pb_text et_pb_bg_layout_light et_pb_module et_flex_module spoton-text preset--group--divi-text--divi-font-header--default preset--group--divi-text--divi-font-body--default preset--module--divi-text--default\"><div class=\"et_pb_text_inner\"><h1>About<\/h1>\n<\/div><\/div>\n<\/div>\n<\/div>\n<\/div>\n<div class=\"et_pb_bottom_inside_divider et-no-transition\"><\/div><\/div>\n\n<div class=\"et_pb_section_1 et_pb_section et_section_regular et_block_section section_has_divider et_pb_bottom_divider preset--module--divi-section--default\">\n<div class=\"et_pb_row_1 et_pb_row et_flex_row preset--module--divi-row--default\">\n<div class=\"et_pb_column_1 et_pb_column et-last-child et_flex_column et_pb_css_mix_blend_mode_passthrough et_flex_column_24_24 preset--module--divi-column--default\">\n<div class=\"et_pb_group_1 et_pb_group et-last-child et_pb_module et_flex_group et_pb_css_mix_blend_mode_passthrough\">\n<div class=\"et_pb_text_1 et_pb_text et_pb_bg_layout_light et_animated et_pb_module et_flex_module spoton-text preset--group--divi-text--divi-font-header--pha1wlhzth preset--group--divi-text--divi-font-body--default preset--module--divi-text--default\"><div class=\"et_pb_text_inner\"><h4 data-prosemirror-content-type=\"node\" data-prosemirror-node-name=\"paragraph\" data-prosemirror-node-block=\"true\" data-pm-slice=\"1 1 [&quot;blockquote&quot;,{&quot;localId&quot;:null}]\">Die Sprache des Klangs.<\/h4>\n<\/div><\/div>\n\n<div class=\"et_pb_text_2 et_pb_text et_pb_bg_layout_light et_pb_module et_flex_module spoton-text preset--group--divi-text--divi-font-header--default preset--group--divi-text--divi-font-body--default preset--module--divi-text--default\"><div class=\"et_pb_text_inner\"><h2>About<\/h2>\n<\/div><\/div>\n<\/div>\n<\/div>\n<\/div>\n\n<div class=\"et_pb_row_2 et_pb_row et_flex_row preset--module--divi-row--default\">\n<div class=\"et_pb_column_2 et_pb_column et_flex_column et_pb_css_mix_blend_mode_passthrough et_flex_column_24_24 preset--module--divi-column--default\">\n<div class=\"et_pb_text_3 et_pb_text et_pb_bg_layout_light et_pb_module et_flex_module spoton-text preset--group--divi-text--divi-font-header--default preset--group--divi-text--divi-font-body--default preset--module--divi-text--default\"><div class=\"et_pb_text_inner\"><blockquote>\n<p data-prosemirror-content-type=\"node\" data-prosemirror-node-name=\"paragraph\" data-prosemirror-node-block=\"true\" data-pm-slice=\"1 1 []\">Fanny Kloevekorn ist eine Oboistin, die Klang zu Gef\u00fchl macht. Mit warmem Timbre, feinsinniger Phrasierung und gro\u00dfer innerer Pr\u00e4senz verwandelt sie Musik in unmittelbare, ber\u00fchrende Erlebnisse.<\/p>\n<p data-prosemirror-content-type=\"node\" data-prosemirror-node-name=\"paragraph\" data-prosemirror-node-block=\"true\" data-pm-slice=\"1 1 []\">Ihre Mission: klassische Musik so zu erz\u00e4hlen, dass sie f\u00fcr jeden Menschen zug\u00e4nglich, verst\u00e4ndlich und emotional sp\u00fcrbar wird.<\/p>\n<\/blockquote>\n<\/div><\/div>\n<\/div>\n\n<div class=\"et_pb_column_3 et_pb_column et_flex_column et_pb_css_mix_blend_mode_passthrough et_flex_column_24_24 preset--module--divi-column--default\">\n<div class=\"et_pb_image_0 et_pb_image et_pb_image_sticky et_pb_module et_flex_module\"><span class=\"et_pb_image_wrap\"><img decoding=\"async\" src=\"https:\/\/fannykloevekorn.spotondesignstudio.com\/wp-content\/uploads\/2025\/11\/Fanny-Kloevekorn-Welle-blau.svg\" class=\"wp-image-904\" \/><\/span><\/div>\n<\/div>\n\n<div class=\"et_pb_column_4 et_pb_column et-last-child et_flex_column et_pb_css_mix_blend_mode_passthrough et_flex_column_24_24 preset--module--divi-column--default\">\n<div class=\"et_pb_text_4 et_pb_text et_pb_bg_layout_light et_pb_module et_flex_module spoton-text preset--group--divi-text--divi-font-header--default preset--group--divi-text--divi-font-body--default preset--module--divi-text--default\"><div class=\"et_pb_text_inner\"><p>Fanny Kloevekorn ist Solo-Oboistin des Philharmonischen Orchesters Hagen. Geboren in Hamburg und schon mit sieben Jahren an der Oboe zuhause, entdeckte sie fr\u00fch, dass Musik mehr ist als Technik oder Perfektion \u2013 sie ist Ausdruck, Verbindung, Gef\u00fchl.<\/p>\n<p><br p=\"\" \/><em>Ihre Oboe ist ihre Sprache.<\/em><br \/><em>Eine Sprache, die jeder versteht.<\/em><\/p>\n<p><br p=\"\" \/>Erfolge bei internationalen Wettbewerben \u2013 darunter zwei Bundespreise bei \u201eJugend musiziert\u201c \u2013 f\u00fchrten sie an die Musikhochschule L\u00fcbeck, sp\u00e4ter an das Conservatoire National Sup\u00e9rieur de Lyon und die Hochschule f\u00fcr Musik \u201eFranz Liszt\u201c Weimar. Dort pr\u00e4sentierte sie 2020 die europ\u00e4ische Erstauff\u00fchrung des Oboenkonzerts <em>Spirit of the Wild<\/em> von Nigel Westlake \u2013 als erste Oboistin in der Geschichte der Hochschule mit dem Pr\u00e4dikat \u201emit Auszeichnung\u201c.<\/p>\n<p><br p=\"\" \/>Ihre Laufbahn f\u00fchrte sie u. a. als Solo-Oboistin nach Flensburg, Reykjavik und Tallinn, bevor sie 2018\/19 in Hagen ihr k\u00fcnstlerisches Zuhause fand. Neben ihrer Orchestert\u00e4tigkeit widmet sie sich regelm\u00e4\u00dfig Duo-Recitals mit Klavier und ver\u00f6ffentlichte zwei CDs.<\/p>\n<p>&nbsp;<\/p>\n<p>Fanny glaubt daran, dass klassische Musik Menschen ber\u00fchren kann \u2013 unabh\u00e4ngig von Vorwissen oder \u201eklassischem Hintergrund\u201c. Sie baut Br\u00fccken: zwischen Kunst und Alltag, Intellekt und Intuition, Konzertsaal und Publikumserlebnis.<\/p>\n<p><br p=\"\" \/>Seit Mitte 2025 ist sie nach ihrer Babypause wieder live zu erleben \u2013 mit noch mehr innerer Klarheit, weiblicher Kraft und der tiefen Freude, Klang als emotionalen Resonanzraum zu teilen.<\/p>\n<\/div><\/div>\n<\/div>\n<\/div>\n\n<div class=\"et_pb_row_3 et_pb_row et_flex_row preset--module--divi-row--default\">\n<div class=\"et_pb_column_5 et_pb_column et_flex_column et_pb_css_mix_blend_mode_passthrough et_flex_column_12_24 et_flex_column_12_24_tablet et_flex_column_24_24_phone et_flex_column_24_24_phoneWide preset--module--divi-column--default\">\n<div class=\"et_pb_group_2 et_pb_group et_pb_module et_flex_group et_pb_css_mix_blend_mode_passthrough\">\n<div class=\"et_pb_image_1 et_pb_image et_animated et_pb_module et_flex_module\"><span class=\"et_pb_image_wrap\"><img decoding=\"async\" src=\"https:\/\/fannykloevekorn.spotondesignstudio.com\/wp-content\/uploads\/2025\/12\/Quotes-Fanny-Kloevekorn-300-x-200-px.svg\" class=\"wp-image-1357\" \/><\/span><\/div>\n\n<div class=\"et_pb_text_5 et_pb_text et_pb_bg_layout_light et_pb_module et_flex_module spoton-text preset--group--divi-text--divi-font-header--default preset--group--divi-text--divi-font-body--default preset--module--divi-text--default\"><div class=\"et_pb_text_inner\"><blockquote>\n<p data-prosemirror-content-type=\"node\" data-prosemirror-node-name=\"paragraph\" data-prosemirror-node-block=\"true\" data-pm-slice=\"1 1 [&quot;blockquote&quot;,{&quot;localId&quot;:null}]\">\u201eSchlicht famos, mit welcher Nonchalance diese K\u00fcnstlerin selbst die kniffligsten Passagen entfaltet.\u201c<\/p>\n<\/blockquote>\n<\/div><\/div>\n\n<div class=\"et_pb_text_6 et_pb_text et_pb_bg_layout_light et_pb_module et_flex_module spoton-text preset--group--divi-text--divi-font-header--default preset--group--divi-text--divi-font-body--default preset--module--divi-text--default\"><div class=\"et_pb_text_inner\"><p><strong>Hamburger Abendblatt<\/strong><\/p>\n<\/div><\/div>\n<\/div>\n\n<div class=\"et_pb_group_3 et_pb_group et-last-child et_pb_module et_flex_group et_pb_css_mix_blend_mode_passthrough\">\n<div class=\"et_pb_image_2 et_pb_image et_animated et_pb_module et_flex_module\"><span class=\"et_pb_image_wrap\"><img decoding=\"async\" src=\"https:\/\/fannykloevekorn.spotondesignstudio.com\/wp-content\/uploads\/2025\/12\/Quotes-Fanny-Kloevekorn-300-x-200-px.svg\" class=\"wp-image-1357\" \/><\/span><\/div>\n\n<div class=\"et_pb_text_7 et_pb_text et_pb_bg_layout_light et_pb_module et_flex_module spoton-text preset--group--divi-text--divi-font-header--default preset--group--divi-text--divi-font-body--default preset--module--divi-text--default\"><div class=\"et_pb_text_inner\"><blockquote>\n<p data-prosemirror-content-type=\"node\" data-prosemirror-node-name=\"paragraph\" data-prosemirror-node-block=\"true\" data-pm-slice=\"1 1 []\"><em data-prosemirror-content-type=\"mark\" data-prosemirror-mark-name=\"em\">\u201eAuswendig, mit bestechender Tiefe und Spannung.\u201c<\/em><\/p>\n<\/blockquote>\n<\/div><\/div>\n\n<div class=\"et_pb_text_8 et_pb_text et_pb_bg_layout_light et_pb_module et_flex_module spoton-text preset--group--divi-text--divi-font-header--default preset--group--divi-text--divi-font-body--default preset--module--divi-text--default\"><div class=\"et_pb_text_inner\"><p data-prosemirror-content-type=\"node\" data-prosemirror-node-name=\"paragraph\" data-prosemirror-node-block=\"true\" data-pm-slice=\"1 1 []\"><strong>Westfalenpost <\/strong>(\u00fcber das Oboenkonzert von Nigel Westlake)<\/p>\n<\/div><\/div>\n<\/div>\n<\/div>\n\n<div class=\"et_pb_column_6 et_pb_column et-last-child et_flex_column et_pb_css_mix_blend_mode_passthrough et_flex_column_12_24 et_flex_column_12_24_tablet et_flex_column_24_24_phone et_flex_column_24_24_phoneWide preset--module--divi-column--default\">\n<div class=\"et_pb_group_4 et_pb_group et-last-child et_pb_module et_flex_group et_pb_css_mix_blend_mode_passthrough\"><\/div>\n<\/div>\n<\/div>\n\n<div class=\"et_pb_row_4 et_pb_row et_flex_row preset--module--divi-row--default\">\n<div class=\"et_pb_column_7 et_pb_column et-last-child et_flex_column et_pb_css_mix_blend_mode_passthrough et_flex_column_24_24 preset--module--divi-column--default\">\n<div class=\"et_pb_module et_pb_button_module_wrapper et_pb_button_0_wrapper preset--module--divi-button--9rfvdan67a_wrapper\"><a class=\"et_pb_button_0 et_pb_button et_pb_bg_layout_light et_pb_module et_block_module dl-double-border-fade-out preset--module--divi-button--9rfvdan67a\" href=\"\">EPK herunterladen<\/a><\/div>\n\n<div class=\"et_pb_module et_pb_button_module_wrapper et_pb_button_1_wrapper preset--module--divi-button--p8qpm80zif_wrapper\"><a class=\"et_pb_button_1 et_pb_button et_pb_bg_layout_light et_pb_module et_block_module dl-double-border-fade-out preset--module--divi-button--p8qpm80zif\" href=\"https:\/\/fannykloevekorn.spotondesignstudio.com\/en\/kontakt\/\">jetzt buchen<\/a><\/div>\n<\/div>\n<\/div>\n<div class=\"et_pb_bottom_inside_divider et-no-transition\"><\/div><\/div>","protected":false},"excerpt":{"rendered":"","protected":false},"author":1,"featured_media":0,"parent":0,"menu_order":0,"comment_status":"closed","ping_status":"closed","template":"","meta":{"_acf_changed":false,"footnotes":""},"class_list":["post-151","page","type-page","status-publish","hentry"],"acf":[],"_links":{"self":[{"href":"https:\/\/fannykloevekorn.spotondesignstudio.com\/en\/wp-json\/wp\/v2\/pages\/151","targetHints":{"allow":["GET"]}}],"collection":[{"href":"https:\/\/fannykloevekorn.spotondesignstudio.com\/en\/wp-json\/wp\/v2\/pages"}],"about":[{"href":"https:\/\/fannykloevekorn.spotondesignstudio.com\/en\/wp-json\/wp\/v2\/types\/page"}],"author":[{"embeddable":true,"href":"https:\/\/fannykloevekorn.spotondesignstudio.com\/en\/wp-json\/wp\/v2\/users\/1"}],"replies":[{"embeddable":true,"href":"https:\/\/fannykloevekorn.spotondesignstudio.com\/en\/wp-json\/wp\/v2\/comments?post=151"}],"version-history":[{"count":11,"href":"https:\/\/fannykloevekorn.spotondesignstudio.com\/en\/wp-json\/wp\/v2\/pages\/151\/revisions"}],"predecessor-version":[{"id":2398,"href":"https:\/\/fannykloevekorn.spotondesignstudio.com\/en\/wp-json\/wp\/v2\/pages\/151\/revisions\/2398"}],"wp:attachment":[{"href":"https:\/\/fannykloevekorn.spotondesignstudio.com\/en\/wp-json\/wp\/v2\/media?parent=151"}],"curies":[{"name":"wp","href":"https:\/\/api.w.org\/{rel}","templated":true}]}}